{"id":3216,"date":"2025-05-22T12:22:57","date_gmt":"2025-05-22T10:22:57","guid":{"rendered":"https:\/\/hole-berlin.de\/?page_id=3216"},"modified":"2025-05-22T15:36:08","modified_gmt":"2025-05-22T13:36:08","slug":"accessibility","status":"publish","type":"page","link":"https:\/\/hole-berlin.de\/en\/accessibility\/","title":{"rendered":"Accessibility"},"content":{"rendered":"<p>We strive to ensure a completely accessible experience, providing you with an enjoyable visit.<\/p>\n\n\n\n<p>The concert hall and sanitary facilities are accessible barrier-free through the main entrance. While Hole44 does not have a designated section for individuals with disabilities, we are happy to assist wheelchair users in finding a spot with a great view of the stage and easy access to the facilities.<\/p>\n\n\n\n<p>To ensure smooth arrangements, we kindly ask you to arrive early on the event day and\/or inform us in advance via email. Our security staff at the entrance will be available to provide guidance and support within the venue.<\/p>","protected":false},"excerpt":{"rendered":"<p>Wir setzen alles daran, einen barrierefreien Aufenthalt zu gew\u00e4hrleisten und dir ein angenehmes Konzerterlebnis zu erm\u00f6glichen. Der Zugang zum Konzertsaal und zu den sanit\u00e4ren Anlagen ist \u00fcber den Haupteingang barrierefrei erreichbar. F\u00fcr G\u00e4ste im Rollstuhl wird in Zusammenarbeit mit dem Hauspersonal gerne ein Platz mit guter Sicht auf die B\u00fchne und einfacher Anbindung an die &#8230; <a title=\"Accessibility\" class=\"read-more\" href=\"https:\/\/hole-berlin.de\/en\/accessibility\/\" aria-label=\"Read more about Barrierefreiheit\">Read more<\/a><\/p>","protected":false},"author":2,"featured_media":0,"parent":0,"menu_order":0,"comment_status":"closed","ping_status":"closed","template":"","meta":{"_acf_changed":false,"footnotes":""},"class_list":["post-3216","page","type-page","status-publish"],"acf":[],"yoast_head":"<!-- This site is optimized with the Yoast SEO plugin v27.5 - https:\/\/yoast.com\/product\/yoast-seo-wordpress\/ -->\n<title>Barrierefreiheit - Hole Berlin<\/title>\n<meta name=\"robots\" content=\"index, follow, max-snippet:-1, max-image-preview:large, max-video-preview:-1\" \/>\n<link rel=\"canonical\" href=\"https:\/\/hole-berlin.de\/en\/accessibility\/\" \/>\n<meta property=\"og:locale\" content=\"en_GB\" \/>\n<meta property=\"og:type\" content=\"article\" \/>\n<meta property=\"og:title\" content=\"Barrierefreiheit - Hole Berlin\" \/>\n<meta property=\"og:description\" content=\"Wir setzen alles daran, einen barrierefreien Aufenthalt zu gew\u00e4hrleisten und dir ein angenehmes Konzerterlebnis zu erm\u00f6glichen. Der Zugang zum Konzertsaal und zu den sanit\u00e4ren Anlagen ist \u00fcber den Haupteingang barrierefrei erreichbar. F\u00fcr G\u00e4ste im Rollstuhl wird in Zusammenarbeit mit dem Hauspersonal gerne ein Platz mit guter Sicht auf die B\u00fchne und einfacher Anbindung an die ... Read more\" \/>\n<meta property=\"og:url\" content=\"https:\/\/hole-berlin.de\/en\/accessibility\/\" \/>\n<meta property=\"og:site_name\" content=\"Hole Berlin\" \/>\n<meta property=\"article:publisher\" content=\"https:\/\/www.facebook.com\/holeberlin\/\" \/>\n<meta property=\"article:modified_time\" content=\"2025-05-22T13:36:08+00:00\" \/>\n<meta name=\"twitter:card\" content=\"summary_large_image\" \/>\n<meta name=\"twitter:site\" content=\"@holeberlin\" \/>\n<meta name=\"twitter:label1\" content=\"Estimated reading time\" \/>\n\t<meta name=\"twitter:data1\" content=\"1 minute\" \/>\n<script type=\"application\/ld+json\" class=\"yoast-schema-graph\">{\"@context\":\"https:\\\/\\\/schema.org\",\"@graph\":[{\"@type\":\"WebPage\",\"@id\":\"https:\\\/\\\/hole-berlin.de\\\/accessibility\\\/\",\"url\":\"https:\\\/\\\/hole-berlin.de\\\/accessibility\\\/\",\"name\":\"Barrierefreiheit - Hole Berlin\",\"isPartOf\":{\"@id\":\"https:\\\/\\\/hole-berlin.de\\\/#website\"},\"datePublished\":\"2025-05-22T10:22:57+00:00\",\"dateModified\":\"2025-05-22T13:36:08+00:00\",\"breadcrumb\":{\"@id\":\"https:\\\/\\\/hole-berlin.de\\\/accessibility\\\/#breadcrumb\"},\"inLanguage\":\"en-GB\",\"potentialAction\":[{\"@type\":\"ReadAction\",\"target\":[\"https:\\\/\\\/hole-berlin.de\\\/accessibility\\\/\"]}]},{\"@type\":\"BreadcrumbList\",\"@id\":\"https:\\\/\\\/hole-berlin.de\\\/accessibility\\\/#breadcrumb\",\"itemListElement\":[{\"@type\":\"ListItem\",\"position\":1,\"name\":\"Startseite\",\"item\":\"https:\\\/\\\/hole-berlin.de\\\/\"},{\"@type\":\"ListItem\",\"position\":2,\"name\":\"Barrierefreiheit\"}]},{\"@type\":\"WebSite\",\"@id\":\"https:\\\/\\\/hole-berlin.de\\\/#website\",\"url\":\"https:\\\/\\\/hole-berlin.de\\\/\",\"name\":\"Hole\",\"description\":\"Hermannstra\u00dfe 146, 12051 Berlin\",\"publisher\":{\"@id\":\"https:\\\/\\\/hole-berlin.de\\\/#organization\"},\"potentialAction\":[{\"@type\":\"SearchAction\",\"target\":{\"@type\":\"EntryPoint\",\"urlTemplate\":\"https:\\\/\\\/hole-berlin.de\\\/?s={search_term_string}\"},\"query-input\":{\"@type\":\"PropertyValueSpecification\",\"valueRequired\":true,\"valueName\":\"search_term_string\"}}],\"inLanguage\":\"en-GB\"},{\"@type\":\"Organization\",\"@id\":\"https:\\\/\\\/hole-berlin.de\\\/#organization\",\"name\":\"Hole Berlin\",\"url\":\"https:\\\/\\\/hole-berlin.de\\\/\",\"logo\":{\"@type\":\"ImageObject\",\"inLanguage\":\"en-GB\",\"@id\":\"https:\\\/\\\/hole-berlin.de\\\/#\\\/schema\\\/logo\\\/image\\\/\",\"url\":\"\",\"contentUrl\":\"\",\"caption\":\"Hole Berlin\"},\"image\":{\"@id\":\"https:\\\/\\\/hole-berlin.de\\\/#\\\/schema\\\/logo\\\/image\\\/\"},\"sameAs\":[\"https:\\\/\\\/www.facebook.com\\\/holeberlin\\\/\",\"https:\\\/\\\/x.com\\\/holeberlin\",\"http:\\\/\\\/instagram.com\\\/holeberlin\"]}]}<\/script>\n<!-- \/ Yoast SEO plugin. -->","yoast_head_json":{"title":"Barrierefreiheit - Hole Berlin","robots":{"index":"index","follow":"follow","max-snippet":"max-snippet:-1","max-image-preview":"max-image-preview:large","max-video-preview":"max-video-preview:-1"},"canonical":"https:\/\/hole-berlin.de\/en\/accessibility\/","og_locale":"en_GB","og_type":"article","og_title":"Barrierefreiheit - Hole Berlin","og_description":"Wir setzen alles daran, einen barrierefreien Aufenthalt zu gew\u00e4hrleisten und dir ein angenehmes Konzerterlebnis zu erm\u00f6glichen. Der Zugang zum Konzertsaal und zu den sanit\u00e4ren Anlagen ist \u00fcber den Haupteingang barrierefrei erreichbar. F\u00fcr G\u00e4ste im Rollstuhl wird in Zusammenarbeit mit dem Hauspersonal gerne ein Platz mit guter Sicht auf die B\u00fchne und einfacher Anbindung an die ... Read more","og_url":"https:\/\/hole-berlin.de\/en\/accessibility\/","og_site_name":"Hole Berlin","article_publisher":"https:\/\/www.facebook.com\/holeberlin\/","article_modified_time":"2025-05-22T13:36:08+00:00","twitter_card":"summary_large_image","twitter_site":"@holeberlin","twitter_misc":{"Estimated reading time":"1 minute"},"schema":{"@context":"https:\/\/schema.org","@graph":[{"@type":"WebPage","@id":"https:\/\/hole-berlin.de\/accessibility\/","url":"https:\/\/hole-berlin.de\/accessibility\/","name":"Barrierefreiheit - Hole Berlin","isPartOf":{"@id":"https:\/\/hole-berlin.de\/#website"},"datePublished":"2025-05-22T10:22:57+00:00","dateModified":"2025-05-22T13:36:08+00:00","breadcrumb":{"@id":"https:\/\/hole-berlin.de\/accessibility\/#breadcrumb"},"inLanguage":"en-GB","potentialAction":[{"@type":"ReadAction","target":["https:\/\/hole-berlin.de\/accessibility\/"]}]},{"@type":"BreadcrumbList","@id":"https:\/\/hole-berlin.de\/accessibility\/#breadcrumb","itemListElement":[{"@type":"ListItem","position":1,"name":"Startseite","item":"https:\/\/hole-berlin.de\/"},{"@type":"ListItem","position":2,"name":"Barrierefreiheit"}]},{"@type":"WebSite","@id":"https:\/\/hole-berlin.de\/#website","url":"https:\/\/hole-berlin.de\/","name":"Hole","description":"Hermannstra\u00dfe 146, 12051 Berlin","publisher":{"@id":"https:\/\/hole-berlin.de\/#organization"},"potentialAction":[{"@type":"SearchAction","target":{"@type":"EntryPoint","urlTemplate":"https:\/\/hole-berlin.de\/?s={search_term_string}"},"query-input":{"@type":"PropertyValueSpecification","valueRequired":true,"valueName":"search_term_string"}}],"inLanguage":"en-GB"},{"@type":"Organization","@id":"https:\/\/hole-berlin.de\/#organization","name":"Hole Berlin","url":"https:\/\/hole-berlin.de\/","logo":{"@type":"ImageObject","inLanguage":"en-GB","@id":"https:\/\/hole-berlin.de\/#\/schema\/logo\/image\/","url":"","contentUrl":"","caption":"Hole Berlin"},"image":{"@id":"https:\/\/hole-berlin.de\/#\/schema\/logo\/image\/"},"sameAs":["https:\/\/www.facebook.com\/holeberlin\/","https:\/\/x.com\/holeberlin","http:\/\/instagram.com\/holeberlin"]}]}},"_links":{"self":[{"href":"https:\/\/hole-berlin.de\/en\/wp-json\/wp\/v2\/pages\/3216","targetHints":{"allow":["GET"]}}],"collection":[{"href":"https:\/\/hole-berlin.de\/en\/wp-json\/wp\/v2\/pages"}],"about":[{"href":"https:\/\/hole-berlin.de\/en\/wp-json\/wp\/v2\/types\/page"}],"author":[{"embeddable":true,"href":"https:\/\/hole-berlin.de\/en\/wp-json\/wp\/v2\/users\/2"}],"replies":[{"embeddable":true,"href":"https:\/\/hole-berlin.de\/en\/wp-json\/wp\/v2\/comments?post=3216"}],"version-history":[{"count":3,"href":"https:\/\/hole-berlin.de\/en\/wp-json\/wp\/v2\/pages\/3216\/revisions"}],"predecessor-version":[{"id":3221,"href":"https:\/\/hole-berlin.de\/en\/wp-json\/wp\/v2\/pages\/3216\/revisions\/3221"}],"wp:attachment":[{"href":"https:\/\/hole-berlin.de\/en\/wp-json\/wp\/v2\/media?parent=3216"}],"curies":[{"name":"wp","href":"https:\/\/api.w.org\/{rel}","templated":true}]}}