{"id":55,"date":"2019-10-08T18:56:57","date_gmt":"2019-10-08T16:56:57","guid":{"rendered":"https:\/\/hole-berlin.de\/?page_id=55"},"modified":"2025-05-22T17:04:34","modified_gmt":"2025-05-22T15:04:34","slug":"info","status":"publish","type":"page","link":"https:\/\/hole-berlin.de\/en\/info\/","title":{"rendered":"Info"},"content":{"rendered":"<nav class=\"items-justified-right wp-block-navigation is-content-justification-right is-layout-flex wp-container-core-navigation-is-layout-765c4724 wp-block-navigation-is-layout-flex\" aria-label=\"Infomen\u00fc\"><ul class=\"wp-block-navigation__container items-justified-right wp-block-navigation\"><li class=\"wp-block-navigation-item smooth-scroll menu-item wp-block-navigation-link\"><a class=\"wp-block-navigation-item__content\"  href=\"#about\"><span class=\"wp-block-navigation-item__label\">About us<\/span><\/a><\/li><li class=\"wp-block-navigation-item smooth-scroll menu-item wp-block-navigation-link\"><a class=\"wp-block-navigation-item__content\"  href=\"#photos\"><span class=\"wp-block-navigation-item__label\">Photos<\/span><\/a><\/li><li class=\"wp-block-navigation-item smooth-scroll menu-item wp-block-navigation-link\"><a class=\"wp-block-navigation-item__content\"  href=\"#accessibility\"><span class=\"wp-block-navigation-item__label\">Accessibility<\/span><\/a><\/li><li class=\"wp-block-navigation-item smooth-scroll menu-item wp-block-navigation-link\"><a class=\"wp-block-navigation-item__content\"  href=\"#arrival\"><span class=\"wp-block-navigation-item__label\">Directions<\/span><\/a><\/li><li class=\"wp-block-navigation-item smooth-scroll menu-item wp-block-navigation-link\"><a class=\"wp-block-navigation-item__content\"  href=\"#notes\"><span class=\"wp-block-navigation-item__label\">Age Restrictions &amp; Information<\/span><\/a><\/li><\/ul><\/nav>\n\n<div class=\"gb-container gb-container-2f2b1c5d\" id=\"about\">\n<div class=\"gb-container gb-container-a14580b7\"><\/div>\n\n<div class=\"gb-container gb-container-1828e4c1\">\n\n<h2 class=\"gb-headline gb-headline-d3ac94d2 gb-headline-text\">About us<\/h2>\n\n\n\n<p class=\"gb-headline gb-headline-fe7f04b4 gb-headline-text\">A cultural venue where gravity is strong and boundless genres merge into uniqueness. Located in the vibrant Neuk\u00f6lln district, the former \u201cGlobus\u201d cinema complements the city's dynamic cultural scene. <\/p>\n\n\n\n<p class=\"gb-headline gb-headline-257e029e gb-headline-text\">The Hole\u2074\u2074 is a space for artists and up-and-coming talent, which creates an extraordinary atmosphere thanks to the unique conditions of the venue. With the opening, we want to create new perspectives in these difficult times and contribute to preserving the special culture of live music.<\/p>\n\n<\/div>\n<\/div>\n\n<div class=\"gb-container gb-container-efd5bf3d\" id=\"photos\"><div class=\"gb-inside-container\">\n\n<figure class=\"wp-block-gallery has-nested-images columns-5 is-style-masonry wp-block-gallery-1 is-layout-flex wp-block-gallery-is-layout-flex\">\n<figure class=\"wp-block-image size-thumbnail\"><a href=\"https:\/\/hole-berlin.de\/wp-content\/uploads\/2021\/05\/HoleBerlin_01.jpg\"><img decoding=\"async\" width=\"533\" height=\"800\" data-id=\"580\" src=\"https:\/\/hole-berlin.de\/wp-content\/uploads\/2021\/05\/HoleBerlin_01-533x800.jpg\" alt=\"\" class=\"wp-image-580\" srcset=\"https:\/\/hole-berlin.de\/wp-content\/uploads\/2021\/05\/HoleBerlin_01-533x800.jpg 533w, https:\/\/hole-berlin.de\/wp-content\/uploads\/2021\/05\/HoleBerlin_01-800x1200.jpg 800w, https:\/\/hole-berlin.de\/wp-content\/uploads\/2021\/05\/HoleBerlin_01-768x1152.jpg 768w, https:\/\/hole-berlin.de\/wp-content\/uploads\/2021\/05\/HoleBerlin_01.jpg 1000w\" sizes=\"(max-width: 533px) 100vw, 533px\" \/><\/a><\/figure>\n\n\n\n<figure class=\"wp-block-image size-thumbnail\"><a href=\"https:\/\/hole-berlin.de\/wp-content\/uploads\/2021\/05\/HoleBerlin_02.jpg\"><img decoding=\"async\" width=\"533\" height=\"800\" data-id=\"581\" src=\"https:\/\/hole-berlin.de\/wp-content\/uploads\/2021\/05\/HoleBerlin_02-533x800.jpg\" alt=\"\" class=\"wp-image-581\" srcset=\"https:\/\/hole-berlin.de\/wp-content\/uploads\/2021\/05\/HoleBerlin_02-533x800.jpg 533w, https:\/\/hole-berlin.de\/wp-content\/uploads\/2021\/05\/HoleBerlin_02-800x1200.jpg 800w, https:\/\/hole-berlin.de\/wp-content\/uploads\/2021\/05\/HoleBerlin_02-768x1152.jpg 768w, https:\/\/hole-berlin.de\/wp-content\/uploads\/2021\/05\/HoleBerlin_02.jpg 1000w\" sizes=\"(max-width: 533px) 100vw, 533px\" \/><\/a><\/figure>\n\n\n\n<figure class=\"wp-block-image size-thumbnail\"><a href=\"https:\/\/hole-berlin.de\/wp-content\/uploads\/2021\/05\/HoleBerlin_03.jpg\"><img decoding=\"async\" width=\"650\" height=\"433\" data-id=\"582\" src=\"https:\/\/hole-berlin.de\/wp-content\/uploads\/2021\/05\/HoleBerlin_03-650x433.jpg\" alt=\"\" class=\"wp-image-582\" srcset=\"https:\/\/hole-berlin.de\/wp-content\/uploads\/2021\/05\/HoleBerlin_03-650x433.jpg 650w, https:\/\/hole-berlin.de\/wp-content\/uploads\/2021\/05\/HoleBerlin_03-1200x800.jpg 1200w, https:\/\/hole-berlin.de\/wp-content\/uploads\/2021\/05\/HoleBerlin_03-1500x1000.jpg 1500w, https:\/\/hole-berlin.de\/wp-content\/uploads\/2021\/05\/HoleBerlin_03-768x512.jpg 768w, https:\/\/hole-berlin.de\/wp-content\/uploads\/2021\/05\/HoleBerlin_03-1536x1024.jpg 1536w, https:\/\/hole-berlin.de\/wp-content\/uploads\/2021\/05\/HoleBerlin_03.jpg 1800w\" sizes=\"(max-width: 650px) 100vw, 650px\" \/><\/a><\/figure>\n\n\n\n<figure class=\"wp-block-image size-thumbnail\"><a href=\"https:\/\/hole-berlin.de\/wp-content\/uploads\/2021\/05\/HoleBerlin_04.jpg\"><img decoding=\"async\" width=\"650\" height=\"433\" data-id=\"583\" src=\"https:\/\/hole-berlin.de\/wp-content\/uploads\/2021\/05\/HoleBerlin_04-650x433.jpg\" alt=\"\" class=\"wp-image-583\" srcset=\"https:\/\/hole-berlin.de\/wp-content\/uploads\/2021\/05\/HoleBerlin_04-650x433.jpg 650w, https:\/\/hole-berlin.de\/wp-content\/uploads\/2021\/05\/HoleBerlin_04-1200x800.jpg 1200w, https:\/\/hole-berlin.de\/wp-content\/uploads\/2021\/05\/HoleBerlin_04-1500x1000.jpg 1500w, https:\/\/hole-berlin.de\/wp-content\/uploads\/2021\/05\/HoleBerlin_04-768x512.jpg 768w, https:\/\/hole-berlin.de\/wp-content\/uploads\/2021\/05\/HoleBerlin_04-1536x1024.jpg 1536w, https:\/\/hole-berlin.de\/wp-content\/uploads\/2021\/05\/HoleBerlin_04.jpg 1800w\" sizes=\"(max-width: 650px) 100vw, 650px\" \/><\/a><\/figure>\n\n\n\n<figure class=\"wp-block-image size-thumbnail\"><a href=\"https:\/\/hole-berlin.de\/wp-content\/uploads\/2021\/05\/HoleBerlin_05.jpg\"><img decoding=\"async\" width=\"650\" height=\"433\" data-id=\"584\" src=\"https:\/\/hole-berlin.de\/wp-content\/uploads\/2021\/05\/HoleBerlin_05-650x433.jpg\" alt=\"\" class=\"wp-image-584\" srcset=\"https:\/\/hole-berlin.de\/wp-content\/uploads\/2021\/05\/HoleBerlin_05-650x433.jpg 650w, https:\/\/hole-berlin.de\/wp-content\/uploads\/2021\/05\/HoleBerlin_05-1200x800.jpg 1200w, https:\/\/hole-berlin.de\/wp-content\/uploads\/2021\/05\/HoleBerlin_05-1500x1000.jpg 1500w, https:\/\/hole-berlin.de\/wp-content\/uploads\/2021\/05\/HoleBerlin_05-768x512.jpg 768w, https:\/\/hole-berlin.de\/wp-content\/uploads\/2021\/05\/HoleBerlin_05-1536x1024.jpg 1536w, https:\/\/hole-berlin.de\/wp-content\/uploads\/2021\/05\/HoleBerlin_05.jpg 1800w\" sizes=\"(max-width: 650px) 100vw, 650px\" \/><\/a><\/figure>\n\n\n\n<figure class=\"wp-block-image size-thumbnail\"><a href=\"https:\/\/hole-berlin.de\/wp-content\/uploads\/2021\/05\/HoleBerlin_06.jpg\"><img decoding=\"async\" width=\"650\" height=\"433\" data-id=\"585\" src=\"https:\/\/hole-berlin.de\/wp-content\/uploads\/2021\/05\/HoleBerlin_06-650x433.jpg\" alt=\"\" class=\"wp-image-585\" srcset=\"https:\/\/hole-berlin.de\/wp-content\/uploads\/2021\/05\/HoleBerlin_06-650x433.jpg 650w, https:\/\/hole-berlin.de\/wp-content\/uploads\/2021\/05\/HoleBerlin_06-1200x800.jpg 1200w, https:\/\/hole-berlin.de\/wp-content\/uploads\/2021\/05\/HoleBerlin_06-1500x1000.jpg 1500w, https:\/\/hole-berlin.de\/wp-content\/uploads\/2021\/05\/HoleBerlin_06-768x512.jpg 768w, https:\/\/hole-berlin.de\/wp-content\/uploads\/2021\/05\/HoleBerlin_06-1536x1024.jpg 1536w, https:\/\/hole-berlin.de\/wp-content\/uploads\/2021\/05\/HoleBerlin_06.jpg 1800w\" sizes=\"(max-width: 650px) 100vw, 650px\" \/><\/a><\/figure>\n\n\n\n<figure class=\"wp-block-image size-thumbnail\"><a href=\"https:\/\/hole-berlin.de\/wp-content\/uploads\/2021\/05\/HoleBerlin_07.jpg\"><img decoding=\"async\" width=\"650\" height=\"433\" data-id=\"586\" src=\"https:\/\/hole-berlin.de\/wp-content\/uploads\/2021\/05\/HoleBerlin_07-650x433.jpg\" alt=\"\" class=\"wp-image-586\" srcset=\"https:\/\/hole-berlin.de\/wp-content\/uploads\/2021\/05\/HoleBerlin_07-650x433.jpg 650w, https:\/\/hole-berlin.de\/wp-content\/uploads\/2021\/05\/HoleBerlin_07-1200x800.jpg 1200w, https:\/\/hole-berlin.de\/wp-content\/uploads\/2021\/05\/HoleBerlin_07-1500x1000.jpg 1500w, https:\/\/hole-berlin.de\/wp-content\/uploads\/2021\/05\/HoleBerlin_07-768x512.jpg 768w, https:\/\/hole-berlin.de\/wp-content\/uploads\/2021\/05\/HoleBerlin_07-1536x1024.jpg 1536w, https:\/\/hole-berlin.de\/wp-content\/uploads\/2021\/05\/HoleBerlin_07.jpg 1800w\" sizes=\"(max-width: 650px) 100vw, 650px\" \/><\/a><\/figure>\n\n\n\n<figure class=\"wp-block-image size-thumbnail\"><a href=\"https:\/\/hole-berlin.de\/wp-content\/uploads\/2021\/05\/HoleBerlin_08.jpg\"><img decoding=\"async\" width=\"650\" height=\"433\" data-id=\"587\" src=\"https:\/\/hole-berlin.de\/wp-content\/uploads\/2021\/05\/HoleBerlin_08-650x433.jpg\" alt=\"\" class=\"wp-image-587\" srcset=\"https:\/\/hole-berlin.de\/wp-content\/uploads\/2021\/05\/HoleBerlin_08-650x433.jpg 650w, https:\/\/hole-berlin.de\/wp-content\/uploads\/2021\/05\/HoleBerlin_08-1200x800.jpg 1200w, https:\/\/hole-berlin.de\/wp-content\/uploads\/2021\/05\/HoleBerlin_08-1500x1000.jpg 1500w, https:\/\/hole-berlin.de\/wp-content\/uploads\/2021\/05\/HoleBerlin_08-768x512.jpg 768w, https:\/\/hole-berlin.de\/wp-content\/uploads\/2021\/05\/HoleBerlin_08-1536x1024.jpg 1536w, https:\/\/hole-berlin.de\/wp-content\/uploads\/2021\/05\/HoleBerlin_08.jpg 1800w\" sizes=\"(max-width: 650px) 100vw, 650px\" \/><\/a><\/figure>\n\n\n\n<figure class=\"wp-block-image size-thumbnail\"><a href=\"https:\/\/hole-berlin.de\/wp-content\/uploads\/2021\/05\/HoleBerlin_09.jpg\"><img decoding=\"async\" width=\"533\" height=\"800\" data-id=\"588\" src=\"https:\/\/hole-berlin.de\/wp-content\/uploads\/2021\/05\/HoleBerlin_09-533x800.jpg\" alt=\"\" class=\"wp-image-588\" srcset=\"https:\/\/hole-berlin.de\/wp-content\/uploads\/2021\/05\/HoleBerlin_09-533x800.jpg 533w, https:\/\/hole-berlin.de\/wp-content\/uploads\/2021\/05\/HoleBerlin_09-800x1200.jpg 800w, https:\/\/hole-berlin.de\/wp-content\/uploads\/2021\/05\/HoleBerlin_09-768x1152.jpg 768w, https:\/\/hole-berlin.de\/wp-content\/uploads\/2021\/05\/HoleBerlin_09.jpg 1000w\" sizes=\"(max-width: 533px) 100vw, 533px\" \/><\/a><\/figure>\n\n\n\n<figure class=\"wp-block-image size-thumbnail\"><a href=\"https:\/\/hole-berlin.de\/wp-content\/uploads\/2021\/05\/HoleBerlin_10.jpg\"><img decoding=\"async\" width=\"533\" height=\"800\" data-id=\"589\" src=\"https:\/\/hole-berlin.de\/wp-content\/uploads\/2021\/05\/HoleBerlin_10-533x800.jpg\" alt=\"\" class=\"wp-image-589\" srcset=\"https:\/\/hole-berlin.de\/wp-content\/uploads\/2021\/05\/HoleBerlin_10-533x800.jpg 533w, https:\/\/hole-berlin.de\/wp-content\/uploads\/2021\/05\/HoleBerlin_10-800x1200.jpg 800w, https:\/\/hole-berlin.de\/wp-content\/uploads\/2021\/05\/HoleBerlin_10-768x1152.jpg 768w, https:\/\/hole-berlin.de\/wp-content\/uploads\/2021\/05\/HoleBerlin_10.jpg 1000w\" sizes=\"(max-width: 533px) 100vw, 533px\" \/><\/a><\/figure>\n<\/figure>\n\n<\/div><\/div>\n\n<div class=\"gb-container gb-container-d84340b0\" id=\"accessibility\">\n\n<h2 class=\"gb-headline gb-headline-6e741a65 gb-headline-text\">Accessibility<\/h2>\n\n\n\n<p>We strive to ensure a completely accessible experience, providing you with an enjoyable visit.<\/p>\n\n\n\n<p>The concert hall and sanitary facilities are accessible barrier-free through the main entrance. While Hole44 does not have a designated section for individuals with disabilities, we are happy to assist wheelchair users in finding a spot with a great view of the stage and easy access to the facilities.<\/p>\n\n\n\n<p>To ensure smooth arrangements, we kindly ask you to arrive early on the event day and\/or inform us in advance via email. Our security staff at the entrance will be available to provide guidance and support within the venue.<\/p>\n\n<\/div>\n\n<div class=\"gb-container gb-container-8bc8648c\">\n<div class=\"gb-container gb-container-b1f27f2c\" id=\"arrival\">\n\n<h2 class=\"gb-headline gb-headline-13fb4617 gb-headline-text\">Directions<\/h2>\n\n\n\n<p>We recommend traveling by public transport as public parking near Hole44 is limited.<\/p>\n\n\n\n<div class=\"wp-block-group is-horizontal is-content-justification-space-between is-layout-flex wp-container-core-group-is-layout-ed49b07a wp-block-group-is-layout-flex\">\n<p><strong>Subway<\/strong><br><em>U8<\/em> to Hermannstr.<\/p>\n\n\n\n<p><strong>S-Bahn:<\/strong><br><em>S41, S42, S45, S46, S47<\/em> to Hermannstr.<\/p>\n\n\n\n<p><strong>Buses<\/strong><br><em>277, M44, N77<\/em> to Hermannstr.\/Mariendorfer Weg<br><em>246<\/em> to S+U Hermannstr.\/Silbersteinstr.<br><em>377<\/em> to S+U Hermannstr.<\/p>\n<\/div>\n\n<\/div>\n\n<div class=\"gb-container gb-container-a7ee1356\" id=\"notes\">\n\n<h2 class=\"gb-headline gb-headline-94aa8fe4 gb-headline-text\">Age Restrictions &amp; Information<\/h2>\n\n\n\n<p>Please check the respective organizer's website in advance for access restrictions and age limitations.<br>We recommend that children under 12 years of age bring and wear appropriate hearing protection (over-ear).<\/p>\n\n<\/div>\n<\/div>\n\n\n<p><\/p>","protected":false},"excerpt":{"rendered":"<p>\u00dcber uns Ein Kulturort, an dem die Schwerkraft stark ist und grenzenlose Genres in die Einzigartigkeit verschmelzen. Gelegen im pulsierenden Stadtteil Neuk\u00f6lln, erg\u00e4nzt das ehemalige Kino &#8222;Globus&#8220; die dynamische Kulturszene der Stadt. Das Hole\u2074\u2074 ist ein Raum f\u00fcr K\u00fcnstler*innen und aufstrebende Talente, welcher verst\u00e4rkt durch die einzigartigen Gegebenheiten der Venue, eine au\u00dfergew\u00f6hnliche Atmosph\u00e4re schafft. Mit &#8230; <a title=\"Info\" class=\"read-more\" href=\"https:\/\/hole-berlin.de\/en\/info\/\" aria-label=\"Read more about Info\">Read more<\/a><\/p>","protected":false},"author":2,"featured_media":0,"parent":0,"menu_order":0,"comment_status":"closed","ping_status":"closed","template":"","meta":{"_acf_changed":false,"footnotes":""},"class_list":["post-55","page","type-page","status-publish"],"acf":[],"yoast_head":"<!-- This site is optimized with the Yoast SEO plugin v27.4 - https:\/\/yoast.com\/product\/yoast-seo-wordpress\/ -->\n<title>Info - Hole Berlin<\/title>\n<meta name=\"robots\" content=\"index, follow, max-snippet:-1, max-image-preview:large, max-video-preview:-1\" \/>\n<link rel=\"canonical\" href=\"https:\/\/hole-berlin.de\/en\/info\/\" \/>\n<meta property=\"og:locale\" content=\"en_GB\" \/>\n<meta property=\"og:type\" content=\"article\" \/>\n<meta property=\"og:title\" content=\"Info - Hole Berlin\" \/>\n<meta property=\"og:description\" content=\"\u00dcber uns Ein Kulturort, an dem die Schwerkraft stark ist und grenzenlose Genres in die Einzigartigkeit verschmelzen. Gelegen im pulsierenden Stadtteil Neuk\u00f6lln, erg\u00e4nzt das ehemalige Kino &#8222;Globus&#8220; die dynamische Kulturszene der Stadt. Das Hole\u2074\u2074 ist ein Raum f\u00fcr K\u00fcnstler*innen und aufstrebende Talente, welcher verst\u00e4rkt durch die einzigartigen Gegebenheiten der Venue, eine au\u00dfergew\u00f6hnliche Atmosph\u00e4re schafft. Mit ... Read more\" \/>\n<meta property=\"og:url\" content=\"https:\/\/hole-berlin.de\/en\/info\/\" \/>\n<meta property=\"og:site_name\" content=\"Hole Berlin\" \/>\n<meta property=\"article:publisher\" content=\"https:\/\/www.facebook.com\/holeberlin\/\" \/>\n<meta property=\"article:modified_time\" content=\"2025-05-22T15:04:34+00:00\" \/>\n<meta property=\"og:image\" content=\"https:\/\/hole-berlin.de\/wp-content\/uploads\/2021\/05\/HoleBerlin_01.jpg\" \/>\n\t<meta property=\"og:image:width\" content=\"1000\" \/>\n\t<meta property=\"og:image:height\" content=\"1500\" \/>\n\t<meta property=\"og:image:type\" content=\"image\/jpeg\" \/>\n<meta name=\"twitter:card\" content=\"summary_large_image\" \/>\n<meta name=\"twitter:site\" content=\"@holeberlin\" \/>\n<meta name=\"twitter:label1\" content=\"Estimated reading time\" \/>\n\t<meta name=\"twitter:data1\" content=\"4 minutes\" \/>\n<script type=\"application\/ld+json\" class=\"yoast-schema-graph\">{\"@context\":\"https:\\\/\\\/schema.org\",\"@graph\":[{\"@type\":\"WebPage\",\"@id\":\"https:\\\/\\\/hole-berlin.de\\\/info\\\/\",\"url\":\"https:\\\/\\\/hole-berlin.de\\\/info\\\/\",\"name\":\"Info - Hole Berlin\",\"isPartOf\":{\"@id\":\"https:\\\/\\\/hole-berlin.de\\\/#website\"},\"primaryImageOfPage\":{\"@id\":\"https:\\\/\\\/hole-berlin.de\\\/info\\\/#primaryimage\"},\"image\":{\"@id\":\"https:\\\/\\\/hole-berlin.de\\\/info\\\/#primaryimage\"},\"thumbnailUrl\":\"https:\\\/\\\/hole-berlin.de\\\/wp-content\\\/uploads\\\/2021\\\/05\\\/HoleBerlin_01-533x800.jpg\",\"datePublished\":\"2019-10-08T16:56:57+00:00\",\"dateModified\":\"2025-05-22T15:04:34+00:00\",\"breadcrumb\":{\"@id\":\"https:\\\/\\\/hole-berlin.de\\\/info\\\/#breadcrumb\"},\"inLanguage\":\"en-GB\",\"potentialAction\":[{\"@type\":\"ReadAction\",\"target\":[\"https:\\\/\\\/hole-berlin.de\\\/info\\\/\"]}]},{\"@type\":\"ImageObject\",\"inLanguage\":\"en-GB\",\"@id\":\"https:\\\/\\\/hole-berlin.de\\\/info\\\/#primaryimage\",\"url\":\"https:\\\/\\\/hole-berlin.de\\\/wp-content\\\/uploads\\\/2021\\\/05\\\/HoleBerlin_01-533x800.jpg\",\"contentUrl\":\"https:\\\/\\\/hole-berlin.de\\\/wp-content\\\/uploads\\\/2021\\\/05\\\/HoleBerlin_01-533x800.jpg\"},{\"@type\":\"BreadcrumbList\",\"@id\":\"https:\\\/\\\/hole-berlin.de\\\/info\\\/#breadcrumb\",\"itemListElement\":[{\"@type\":\"ListItem\",\"position\":1,\"name\":\"Startseite\",\"item\":\"https:\\\/\\\/hole-berlin.de\\\/\"},{\"@type\":\"ListItem\",\"position\":2,\"name\":\"Info\"}]},{\"@type\":\"WebSite\",\"@id\":\"https:\\\/\\\/hole-berlin.de\\\/#website\",\"url\":\"https:\\\/\\\/hole-berlin.de\\\/\",\"name\":\"Hole\",\"description\":\"Hermannstra\u00dfe 146, 12051 Berlin\",\"publisher\":{\"@id\":\"https:\\\/\\\/hole-berlin.de\\\/#organization\"},\"potentialAction\":[{\"@type\":\"SearchAction\",\"target\":{\"@type\":\"EntryPoint\",\"urlTemplate\":\"https:\\\/\\\/hole-berlin.de\\\/?s={search_term_string}\"},\"query-input\":{\"@type\":\"PropertyValueSpecification\",\"valueRequired\":true,\"valueName\":\"search_term_string\"}}],\"inLanguage\":\"en-GB\"},{\"@type\":\"Organization\",\"@id\":\"https:\\\/\\\/hole-berlin.de\\\/#organization\",\"name\":\"Hole Berlin\",\"url\":\"https:\\\/\\\/hole-berlin.de\\\/\",\"logo\":{\"@type\":\"ImageObject\",\"inLanguage\":\"en-GB\",\"@id\":\"https:\\\/\\\/hole-berlin.de\\\/#\\\/schema\\\/logo\\\/image\\\/\",\"url\":\"\",\"contentUrl\":\"\",\"caption\":\"Hole Berlin\"},\"image\":{\"@id\":\"https:\\\/\\\/hole-berlin.de\\\/#\\\/schema\\\/logo\\\/image\\\/\"},\"sameAs\":[\"https:\\\/\\\/www.facebook.com\\\/holeberlin\\\/\",\"https:\\\/\\\/x.com\\\/holeberlin\",\"http:\\\/\\\/instagram.com\\\/holeberlin\"]}]}<\/script>\n<!-- \/ Yoast SEO plugin. -->","yoast_head_json":{"title":"Info - Hole Berlin","robots":{"index":"index","follow":"follow","max-snippet":"max-snippet:-1","max-image-preview":"max-image-preview:large","max-video-preview":"max-video-preview:-1"},"canonical":"https:\/\/hole-berlin.de\/en\/info\/","og_locale":"en_GB","og_type":"article","og_title":"Info - Hole Berlin","og_description":"\u00dcber uns Ein Kulturort, an dem die Schwerkraft stark ist und grenzenlose Genres in die Einzigartigkeit verschmelzen. Gelegen im pulsierenden Stadtteil Neuk\u00f6lln, erg\u00e4nzt das ehemalige Kino &#8222;Globus&#8220; die dynamische Kulturszene der Stadt. Das Hole\u2074\u2074 ist ein Raum f\u00fcr K\u00fcnstler*innen und aufstrebende Talente, welcher verst\u00e4rkt durch die einzigartigen Gegebenheiten der Venue, eine au\u00dfergew\u00f6hnliche Atmosph\u00e4re schafft. Mit ... Read more","og_url":"https:\/\/hole-berlin.de\/en\/info\/","og_site_name":"Hole Berlin","article_publisher":"https:\/\/www.facebook.com\/holeberlin\/","article_modified_time":"2025-05-22T15:04:34+00:00","og_image":[{"width":1000,"height":1500,"url":"https:\/\/hole-berlin.de\/wp-content\/uploads\/2021\/05\/HoleBerlin_01.jpg","type":"image\/jpeg"}],"twitter_card":"summary_large_image","twitter_site":"@holeberlin","twitter_misc":{"Estimated reading time":"4 minutes"},"schema":{"@context":"https:\/\/schema.org","@graph":[{"@type":"WebPage","@id":"https:\/\/hole-berlin.de\/info\/","url":"https:\/\/hole-berlin.de\/info\/","name":"Info - Hole Berlin","isPartOf":{"@id":"https:\/\/hole-berlin.de\/#website"},"primaryImageOfPage":{"@id":"https:\/\/hole-berlin.de\/info\/#primaryimage"},"image":{"@id":"https:\/\/hole-berlin.de\/info\/#primaryimage"},"thumbnailUrl":"https:\/\/hole-berlin.de\/wp-content\/uploads\/2021\/05\/HoleBerlin_01-533x800.jpg","datePublished":"2019-10-08T16:56:57+00:00","dateModified":"2025-05-22T15:04:34+00:00","breadcrumb":{"@id":"https:\/\/hole-berlin.de\/info\/#breadcrumb"},"inLanguage":"en-GB","potentialAction":[{"@type":"ReadAction","target":["https:\/\/hole-berlin.de\/info\/"]}]},{"@type":"ImageObject","inLanguage":"en-GB","@id":"https:\/\/hole-berlin.de\/info\/#primaryimage","url":"https:\/\/hole-berlin.de\/wp-content\/uploads\/2021\/05\/HoleBerlin_01-533x800.jpg","contentUrl":"https:\/\/hole-berlin.de\/wp-content\/uploads\/2021\/05\/HoleBerlin_01-533x800.jpg"},{"@type":"BreadcrumbList","@id":"https:\/\/hole-berlin.de\/info\/#breadcrumb","itemListElement":[{"@type":"ListItem","position":1,"name":"Startseite","item":"https:\/\/hole-berlin.de\/"},{"@type":"ListItem","position":2,"name":"Info"}]},{"@type":"WebSite","@id":"https:\/\/hole-berlin.de\/#website","url":"https:\/\/hole-berlin.de\/","name":"Hole","description":"Hermannstra\u00dfe 146, 12051 Berlin","publisher":{"@id":"https:\/\/hole-berlin.de\/#organization"},"potentialAction":[{"@type":"SearchAction","target":{"@type":"EntryPoint","urlTemplate":"https:\/\/hole-berlin.de\/?s={search_term_string}"},"query-input":{"@type":"PropertyValueSpecification","valueRequired":true,"valueName":"search_term_string"}}],"inLanguage":"en-GB"},{"@type":"Organization","@id":"https:\/\/hole-berlin.de\/#organization","name":"Hole Berlin","url":"https:\/\/hole-berlin.de\/","logo":{"@type":"ImageObject","inLanguage":"en-GB","@id":"https:\/\/hole-berlin.de\/#\/schema\/logo\/image\/","url":"","contentUrl":"","caption":"Hole Berlin"},"image":{"@id":"https:\/\/hole-berlin.de\/#\/schema\/logo\/image\/"},"sameAs":["https:\/\/www.facebook.com\/holeberlin\/","https:\/\/x.com\/holeberlin","http:\/\/instagram.com\/holeberlin"]}]}},"_links":{"self":[{"href":"https:\/\/hole-berlin.de\/en\/wp-json\/wp\/v2\/pages\/55","targetHints":{"allow":["GET"]}}],"collection":[{"href":"https:\/\/hole-berlin.de\/en\/wp-json\/wp\/v2\/pages"}],"about":[{"href":"https:\/\/hole-berlin.de\/en\/wp-json\/wp\/v2\/types\/page"}],"author":[{"embeddable":true,"href":"https:\/\/hole-berlin.de\/en\/wp-json\/wp\/v2\/users\/2"}],"replies":[{"embeddable":true,"href":"https:\/\/hole-berlin.de\/en\/wp-json\/wp\/v2\/comments?post=55"}],"version-history":[{"count":54,"href":"https:\/\/hole-berlin.de\/en\/wp-json\/wp\/v2\/pages\/55\/revisions"}],"predecessor-version":[{"id":3281,"href":"https:\/\/hole-berlin.de\/en\/wp-json\/wp\/v2\/pages\/55\/revisions\/3281"}],"wp:attachment":[{"href":"https:\/\/hole-berlin.de\/en\/wp-json\/wp\/v2\/media?parent=55"}],"curies":[{"name":"wp","href":"https:\/\/api.w.org\/{rel}","templated":true}]}}